{"id":96,"date":"2023-01-02T12:20:10","date_gmt":"2023-01-02T12:20:10","guid":{"rendered":"https:\/\/md.24pm.agency\/?page_id=96"},"modified":"2024-04-08T15:38:35","modified_gmt":"2024-04-08T15:38:35","slug":"cgv","status":"publish","type":"page","link":"https:\/\/www.missdetailing.com\/nl\/cgv\/","title":{"rendered":"ALGEMENE VOORWAARDEN"},"content":{"rendered":"<p>ALGEMENE VERKOOPVOORWAARDEN<\/p>\n<p>ARTIKEL 1: TOEPASSINGSGEBIED<br \/>\nDeze algemene verkoopsvoorwaarden zijn van toepassing op alle diensten die Miss Detailing aanbiedt, alsook op de verkoop van alle producten die Miss Detailing op haar website aanbiedt.<\/p>\n<p>ARTIKEL 2: EEN BESTELLING PLAATSEN EN EEN CONTRACT AFSLUITEN<br \/>\nHet plaatsen van een bestelling door de klant impliceert de volledige en onvoorwaardelijke aanvaarding van onderhavige algemene verkoopsvoorwaarden, alsook van de door Miss Detailing op haar website voorgestelde prijzen. De bestelling wordt als aanvaard beschouwd door Miss Detailing na schriftelijke bevestiging door Miss Detailing.<\/p>\n<p>ARTIKEL 3: PRIJZEN<br \/>\nDe prijzen van diensten en producten worden vermeld op de website van Miss Detailing en kunnen zonder voorafgaande kennisgeving worden gewijzigd. De aangegeven prijzen zijn in euro's en inclusief alle belastingen.<\/p>\n<p>ARTIKEL 4: BETALING<br \/>\nBetalen kan online, met creditcard of contant bij de Miss Detailing workshop. Alle online betalingen zijn beveiligd met het SSL-protocol. De bestelde producten blijven eigendom van Miss Detailing tot de volledige betaling is ontvangen.<\/p>\n<p>ARTIKEL 5: LEVERING EN AANVAARDING<br \/>\nDiensten en producten worden geleverd volgens de voorwaarden en termijnen die met de klant zijn overeengekomen. De klant moet de conformiteit van de geleverde dienst of het geleverde product met de bestelling controleren zodra hij deze ontvangt. Elke klacht moet schriftelijk worden ingediend binnen 48 uur na ontvangst.<\/p>\n<p>ARTIKEL 6: AANSPRAKELIJKHEID EN GARANTIE<br \/>\nMiss Detailing verbindt zich ertoe de diensten uit te voeren en de producten te leveren volgens de geldende normen en reglementeringen. In geval van een defect verbindt Miss Detailing zich ertoe een nieuwe dienst of een vervangend product aan te bieden. Miss Detailing kan niet aansprakelijk worden gesteld in geval van overmacht of van een fout die te wijten is aan de klant.<\/p>\n<p>ARTIKEL 7: BESCHERMING VAN PERSOONSGEGEVENS<br \/>\nOvereenkomstig de geldende wetgeving beschikken de klanten over het recht van toegang, verbetering, verzet en verwijdering van hun persoonsgegevens. Miss Detailing verbindt zich ertoe de persoonlijke gegevens van haar klanten niet aan derden mee te delen zonder hun uitdrukkelijke toestemming.<\/p>\n<p>ARTIKEL 8: TOEPASSELIJK RECHT EN JURISDICTIE<br \/>\nDeze algemene verkoopsvoorwaarden worden beheerst door Belgisch recht. Elk geschil met betrekking tot de toepassing of interpretatie van deze voorwaarden zal worden voorgelegd aan de bevoegde Belgische rechtbanken.<\/p>\n<p>Door het vakje voor het valideren van de bestelling aan te vinken, erkent de klant deze algemene verkoopvoorwaarden gelezen en geaccepteerd te hebben.<\/p>","protected":false},"excerpt":{"rendered":"<p>ALGEMENE VERKOOPVOORWAARDEN ARTIKEL 1: toepassingsgebied Deze algemene verkoopsvoorwaarden zijn van toepassing op alle diensten die Miss Detailing aanbiedt, alsook op de verkoop van alle producten die Miss Detailing op haar website aanbiedt. ARTIKEL 2: BESTELLING EN CONCLUSIE VAN DE OVEREENKOMST Het plaatsen van een bestelling door de klant [...]<\/p>","protected":false},"author":7,"featured_media":0,"parent":0,"menu_order":0,"comment_status":"closed","ping_status":"closed","template":"","meta":{"_acf_changed":false,"footnotes":""},"class_list":["post-96","page","type-page","status-publish","hentry"],"acf":[],"yoast_head":"<!-- This site is optimized with the Yoast SEO plugin v26.3 - https:\/\/yoast.com\/wordpress\/plugins\/seo\/ -->\n<title>CGV<\/title>\n<meta name=\"robots\" content=\"noindex, follow\" \/>\n<meta property=\"og:locale\" content=\"nl_BE\" \/>\n<meta property=\"og:type\" content=\"article\" \/>\n<meta property=\"og:title\" content=\"CGV\" \/>\n<meta property=\"og:description\" content=\"CONDITIONS G\u00c9N\u00c9RALES DE VENTE ARTICLE 1 : CHAMP D\u2019APPLICATION Les pr\u00e9sentes conditions g\u00e9n\u00e9rales de vente s\u2019appliquent \u00e0 toutes les prestations de services propos\u00e9es par Miss Detailing, ainsi qu\u2019\u00e0 la vente de tous produits par Miss Detailing, sur son site internet. ARTICLE 2 : COMMANDE ET CONCLUSION DU CONTRAT La passation de commande par le client [&hellip;]\" \/>\n<meta property=\"og:url\" content=\"https:\/\/www.missdetailing.com\/nl\/cgv\/\" \/>\n<meta property=\"og:site_name\" content=\"Miss Detailing\" \/>\n<meta property=\"article:publisher\" content=\"https:\/\/www.facebook.com\/profile.php?id=100086721294397\" \/>\n<meta property=\"article:modified_time\" content=\"2024-04-08T15:38:35+00:00\" \/>\n<meta property=\"og:image\" content=\"https:\/\/www.missdetailing.com\/wp-content\/uploads\/2023\/03\/Banner-Carwash-Miss-Detailing.jpg\" \/>\n\t<meta property=\"og:image:width\" content=\"1440\" \/>\n\t<meta property=\"og:image:height\" content=\"990\" \/>\n\t<meta property=\"og:image:type\" content=\"image\/jpeg\" \/>\n<meta name=\"twitter:card\" content=\"summary_large_image\" \/>\n<meta name=\"twitter:label1\" content=\"Est. reading time\" \/>\n\t<meta name=\"twitter:data1\" content=\"3 minutes\" \/>\n<script type=\"application\/ld+json\" class=\"yoast-schema-graph\">{\"@context\":\"https:\/\/schema.org\",\"@graph\":[{\"@type\":\"WebPage\",\"@id\":\"https:\/\/www.missdetailing.com\/cgv\/\",\"url\":\"https:\/\/www.missdetailing.com\/cgv\/\",\"name\":\"CGV\",\"isPartOf\":{\"@id\":\"https:\/\/www.missdetailing.com\/#website\"},\"datePublished\":\"2023-01-02T12:20:10+00:00\",\"dateModified\":\"2024-04-08T15:38:35+00:00\",\"breadcrumb\":{\"@id\":\"https:\/\/www.missdetailing.com\/cgv\/#breadcrumb\"},\"inLanguage\":\"nl-BE\",\"potentialAction\":[{\"@type\":\"ReadAction\",\"target\":[\"https:\/\/www.missdetailing.com\/cgv\/\"]}]},{\"@type\":\"BreadcrumbList\",\"@id\":\"https:\/\/www.missdetailing.com\/cgv\/#breadcrumb\",\"itemListElement\":[{\"@type\":\"ListItem\",\"position\":1,\"name\":\"Home\",\"item\":\"https:\/\/www.missdetailing.com\/\"},{\"@type\":\"ListItem\",\"position\":2,\"name\":\"CGV\"}]},{\"@type\":\"WebSite\",\"@id\":\"https:\/\/www.missdetailing.com\/#website\",\"url\":\"https:\/\/www.missdetailing.com\/\",\"name\":\"Miss Detailing\",\"description\":\"Detailing Auto, polissage, c\u00e9ramique et PPF\",\"publisher\":{\"@id\":\"https:\/\/www.missdetailing.com\/#organization\"},\"potentialAction\":[{\"@type\":\"SearchAction\",\"target\":{\"@type\":\"EntryPoint\",\"urlTemplate\":\"https:\/\/www.missdetailing.com\/?s={search_term_string}\"},\"query-input\":{\"@type\":\"PropertyValueSpecification\",\"valueRequired\":true,\"valueName\":\"search_term_string\"}}],\"inLanguage\":\"nl-BE\"},{\"@type\":\"Organization\",\"@id\":\"https:\/\/www.missdetailing.com\/#organization\",\"name\":\"Miss Detailing\",\"url\":\"https:\/\/www.missdetailing.com\/\",\"logo\":{\"@type\":\"ImageObject\",\"inLanguage\":\"nl-BE\",\"@id\":\"https:\/\/www.missdetailing.com\/#\/schema\/logo\/image\/\",\"url\":\"https:\/\/missdetailing2.plesk.graphylabs.com\/wp-content\/uploads\/2023\/01\/Group-431@2x.png\",\"contentUrl\":\"https:\/\/missdetailing2.plesk.graphylabs.com\/wp-content\/uploads\/2023\/01\/Group-431@2x.png\",\"width\":746,\"height\":552,\"caption\":\"Miss Detailing\"},\"image\":{\"@id\":\"https:\/\/www.missdetailing.com\/#\/schema\/logo\/image\/\"},\"sameAs\":[\"https:\/\/www.facebook.com\/profile.php?id=100086721294397\",\"https:\/\/www.instagram.com\/missdetailingofficiel\/\",\"https:\/\/www.linkedin.com\/in\/anissa-daoud-456799264\",\"https:\/\/www.tiktok.com\/@missdetailingofficiel?is_from_webapp=1&sender_device=pc\"]}]}<\/script>\n<!-- \/ Yoast SEO plugin. -->","yoast_head_json":{"title":"ALGEMENE VOORWAARDEN","robots":{"index":"noindex","follow":"follow"},"og_locale":"nl_BE","og_type":"article","og_title":"CGV","og_description":"CONDITIONS G\u00c9N\u00c9RALES DE VENTE ARTICLE 1 : CHAMP D\u2019APPLICATION Les pr\u00e9sentes conditions g\u00e9n\u00e9rales de vente s\u2019appliquent \u00e0 toutes les prestations de services propos\u00e9es par Miss Detailing, ainsi qu\u2019\u00e0 la vente de tous produits par Miss Detailing, sur son site internet. ARTICLE 2 : COMMANDE ET CONCLUSION DU CONTRAT La passation de commande par le client [&hellip;]","og_url":"https:\/\/www.missdetailing.com\/nl\/cgv\/","og_site_name":"Miss Detailing","article_publisher":"https:\/\/www.facebook.com\/profile.php?id=100086721294397","article_modified_time":"2024-04-08T15:38:35+00:00","og_image":[{"width":1440,"height":990,"url":"https:\/\/www.missdetailing.com\/wp-content\/uploads\/2023\/03\/Banner-Carwash-Miss-Detailing.jpg","type":"image\/jpeg"}],"twitter_card":"summary_large_image","twitter_misc":{"Est. reading time":"3 minutes"},"schema":{"@context":"https:\/\/schema.org","@graph":[{"@type":"WebPage","@id":"https:\/\/www.missdetailing.com\/cgv\/","url":"https:\/\/www.missdetailing.com\/cgv\/","name":"ALGEMENE VOORWAARDEN","isPartOf":{"@id":"https:\/\/www.missdetailing.com\/#website"},"datePublished":"2023-01-02T12:20:10+00:00","dateModified":"2024-04-08T15:38:35+00:00","breadcrumb":{"@id":"https:\/\/www.missdetailing.com\/cgv\/#breadcrumb"},"inLanguage":"nl-BE","potentialAction":[{"@type":"ReadAction","target":["https:\/\/www.missdetailing.com\/cgv\/"]}]},{"@type":"BreadcrumbList","@id":"https:\/\/www.missdetailing.com\/cgv\/#breadcrumb","itemListElement":[{"@type":"ListItem","position":1,"name":"Home","item":"https:\/\/www.missdetailing.com\/"},{"@type":"ListItem","position":2,"name":"CGV"}]},{"@type":"WebSite","@id":"https:\/\/www.missdetailing.com\/#website","url":"https:\/\/www.missdetailing.com\/","name":"Miss Detailing","description":"Detailing Auto, polissage, c\u00e9ramique et PPF","publisher":{"@id":"https:\/\/www.missdetailing.com\/#organization"},"potentialAction":[{"@type":"SearchAction","target":{"@type":"EntryPoint","urlTemplate":"https:\/\/www.missdetailing.com\/?s={search_term_string}"},"query-input":{"@type":"PropertyValueSpecification","valueRequired":true,"valueName":"search_term_string"}}],"inLanguage":"nl-BE"},{"@type":"Organization","@id":"https:\/\/www.missdetailing.com\/#organization","name":"Miss Detailing","url":"https:\/\/www.missdetailing.com\/","logo":{"@type":"ImageObject","inLanguage":"nl-BE","@id":"https:\/\/www.missdetailing.com\/#\/schema\/logo\/image\/","url":"https:\/\/missdetailing2.plesk.graphylabs.com\/wp-content\/uploads\/2023\/01\/Group-431@2x.png","contentUrl":"https:\/\/missdetailing2.plesk.graphylabs.com\/wp-content\/uploads\/2023\/01\/Group-431@2x.png","width":746,"height":552,"caption":"Miss Detailing"},"image":{"@id":"https:\/\/www.missdetailing.com\/#\/schema\/logo\/image\/"},"sameAs":["https:\/\/www.facebook.com\/profile.php?id=100086721294397","https:\/\/www.instagram.com\/missdetailingofficiel\/","https:\/\/www.linkedin.com\/in\/anissa-daoud-456799264","https:\/\/www.tiktok.com\/@missdetailingofficiel?is_from_webapp=1&sender_device=pc"]}]}},"_links":{"self":[{"href":"https:\/\/www.missdetailing.com\/nl\/wp-json\/wp\/v2\/pages\/96","targetHints":{"allow":["GET"]}}],"collection":[{"href":"https:\/\/www.missdetailing.com\/nl\/wp-json\/wp\/v2\/pages"}],"about":[{"href":"https:\/\/www.missdetailing.com\/nl\/wp-json\/wp\/v2\/types\/page"}],"author":[{"embeddable":true,"href":"https:\/\/www.missdetailing.com\/nl\/wp-json\/wp\/v2\/users\/7"}],"replies":[{"embeddable":true,"href":"https:\/\/www.missdetailing.com\/nl\/wp-json\/wp\/v2\/comments?post=96"}],"version-history":[{"count":0,"href":"https:\/\/www.missdetailing.com\/nl\/wp-json\/wp\/v2\/pages\/96\/revisions"}],"wp:attachment":[{"href":"https:\/\/www.missdetailing.com\/nl\/wp-json\/wp\/v2\/media?parent=96"}],"curies":[{"name":"wp","href":"https:\/\/api.w.org\/{rel}","templated":true}]}}