{"id":5,"date":"2023-01-02T11:17:22","date_gmt":"2023-01-02T11:17:22","guid":{"rendered":"https:\/\/md.24pm.agency\/?page_id=5"},"modified":"2024-05-23T09:38:01","modified_gmt":"2024-05-23T09:38:01","slug":"home","status":"publish","type":"page","link":"https:\/\/www.missdetailing.com\/nl\/","title":{"rendered":"Home"},"content":{"rendered":"","protected":false},"excerpt":{"rendered":"","protected":false},"author":7,"featured_media":676,"parent":0,"menu_order":0,"comment_status":"closed","ping_status":"closed","template":"template-home.php","meta":{"_acf_changed":false,"footnotes":""},"class_list":["post-5","page","type-page","status-publish","has-post-thumbnail","hentry"],"acf":[],"yoast_head":"<!-- This site is optimized with the Yoast SEO plugin v26.3 - https:\/\/yoast.com\/wordpress\/plugins\/seo\/ -->\n<title>Detailing Nivelles, polissage carrosserie et c\u00e9ramique | Centre d&#039;esth\u00e9tique automobile \u00e0 Nivelles, proche Bruxelles<\/title>\n<meta name=\"description\" content=\"D\u00e9couvrez Miss Detailing \u00e0 Nivelles, votre sp\u00e9cialiste en detailing int\u00e9rieur et ext\u00e9rieur, polissage de carrosserie, et protection en c\u00e9ramique.\" \/>\n<meta name=\"robots\" content=\"noindex, follow, max-snippet:-1, max-image-preview:large, max-video-preview:-1\" \/>\n<meta property=\"og:locale\" content=\"nl_BE\" \/>\n<meta property=\"og:type\" content=\"article\" \/>\n<meta property=\"og:title\" content=\"Detailing Nivelles, polissage carrosserie et c\u00e9ramique | Centre d&#039;esth\u00e9tique automobile \u00e0 Nivelles, proche Bruxelles\" \/>\n<meta property=\"og:description\" content=\"D\u00e9couvrez Miss Detailing \u00e0 Nivelles, votre sp\u00e9cialiste en detailing int\u00e9rieur et ext\u00e9rieur, polissage de carrosserie, et protection en c\u00e9ramique.\" \/>\n<meta property=\"og:url\" content=\"https:\/\/www.missdetailing.com\/nl\/\" \/>\n<meta property=\"og:site_name\" content=\"Miss Detailing\" \/>\n<meta property=\"article:publisher\" content=\"https:\/\/www.facebook.com\/profile.php?id=100086721294397\" \/>\n<meta property=\"article:modified_time\" content=\"2024-05-23T09:38:01+00:00\" \/>\n<meta property=\"og:image\" content=\"https:\/\/www.missdetailing.com\/wp-content\/uploads\/2023\/02\/AdobeStock_123522471-scaled-e1675774892327.jpg\" \/>\n\t<meta property=\"og:image:width\" content=\"2560\" \/>\n\t<meta property=\"og:image:height\" content=\"1324\" \/>\n\t<meta property=\"og:image:type\" content=\"image\/jpeg\" \/>\n<meta name=\"twitter:card\" content=\"summary_large_image\" \/>\n<meta name=\"twitter:label1\" content=\"Est. reading time\" \/>\n\t<meta name=\"twitter:data1\" content=\"1 minute\" \/>\n<script type=\"application\/ld+json\" class=\"yoast-schema-graph\">{\"@context\":\"https:\/\/schema.org\",\"@graph\":[{\"@type\":\"WebPage\",\"@id\":\"https:\/\/www.missdetailing.com\/\",\"url\":\"https:\/\/www.missdetailing.com\/\",\"name\":\"Detailing Nivelles, polissage carrosserie et c\u00e9ramique | Centre d'esth\u00e9tique automobile \u00e0 Nivelles, proche Bruxelles\",\"isPartOf\":{\"@id\":\"https:\/\/www.missdetailing.com\/#website\"},\"primaryImageOfPage\":{\"@id\":\"https:\/\/www.missdetailing.com\/#primaryimage\"},\"image\":{\"@id\":\"https:\/\/www.missdetailing.com\/#primaryimage\"},\"thumbnailUrl\":\"https:\/\/www.missdetailing.com\/wp-content\/uploads\/2023\/02\/AdobeStock_123522471-scaled-e1675774892327.jpg\",\"datePublished\":\"2023-01-02T11:17:22+00:00\",\"dateModified\":\"2024-05-23T09:38:01+00:00\",\"description\":\"D\u00e9couvrez Miss Detailing \u00e0 Nivelles, votre sp\u00e9cialiste en detailing int\u00e9rieur et ext\u00e9rieur, polissage de carrosserie, et protection en c\u00e9ramique.\",\"breadcrumb\":{\"@id\":\"https:\/\/www.missdetailing.com\/#breadcrumb\"},\"inLanguage\":\"nl-BE\",\"potentialAction\":[{\"@type\":\"ReadAction\",\"target\":[\"https:\/\/www.missdetailing.com\/\"]}]},{\"@type\":\"ImageObject\",\"inLanguage\":\"nl-BE\",\"@id\":\"https:\/\/www.missdetailing.com\/#primaryimage\",\"url\":\"https:\/\/www.missdetailing.com\/wp-content\/uploads\/2023\/02\/AdobeStock_123522471-scaled-e1675774892327.jpg\",\"contentUrl\":\"https:\/\/www.missdetailing.com\/wp-content\/uploads\/2023\/02\/AdobeStock_123522471-scaled-e1675774892327.jpg\",\"width\":2560,\"height\":1324,\"caption\":\"Detailing automobile \u00e0 Bruxelles Nivelles\"},{\"@type\":\"BreadcrumbList\",\"@id\":\"https:\/\/www.missdetailing.com\/#breadcrumb\",\"itemListElement\":[{\"@type\":\"ListItem\",\"position\":1,\"name\":\"Home\",\"item\":\"https:\/\/www.missdetailing.com\/\"},{\"@type\":\"ListItem\",\"position\":2,\"name\":\"Home\"}]},{\"@type\":\"WebSite\",\"@id\":\"https:\/\/www.missdetailing.com\/#website\",\"url\":\"https:\/\/www.missdetailing.com\/\",\"name\":\"Miss Detailing\",\"description\":\"Detailing Auto, polissage, c\u00e9ramique et PPF\",\"publisher\":{\"@id\":\"https:\/\/www.missdetailing.com\/#organization\"},\"potentialAction\":[{\"@type\":\"SearchAction\",\"target\":{\"@type\":\"EntryPoint\",\"urlTemplate\":\"https:\/\/www.missdetailing.com\/?s={search_term_string}\"},\"query-input\":{\"@type\":\"PropertyValueSpecification\",\"valueRequired\":true,\"valueName\":\"search_term_string\"}}],\"inLanguage\":\"nl-BE\"},{\"@type\":\"Organization\",\"@id\":\"https:\/\/www.missdetailing.com\/#organization\",\"name\":\"Miss Detailing\",\"url\":\"https:\/\/www.missdetailing.com\/\",\"logo\":{\"@type\":\"ImageObject\",\"inLanguage\":\"nl-BE\",\"@id\":\"https:\/\/www.missdetailing.com\/#\/schema\/logo\/image\/\",\"url\":\"https:\/\/missdetailing2.plesk.graphylabs.com\/wp-content\/uploads\/2023\/01\/Group-431@2x.png\",\"contentUrl\":\"https:\/\/missdetailing2.plesk.graphylabs.com\/wp-content\/uploads\/2023\/01\/Group-431@2x.png\",\"width\":746,\"height\":552,\"caption\":\"Miss Detailing\"},\"image\":{\"@id\":\"https:\/\/www.missdetailing.com\/#\/schema\/logo\/image\/\"},\"sameAs\":[\"https:\/\/www.facebook.com\/profile.php?id=100086721294397\",\"https:\/\/www.instagram.com\/missdetailingofficiel\/\",\"https:\/\/www.linkedin.com\/in\/anissa-daoud-456799264\",\"https:\/\/www.tiktok.com\/@missdetailingofficiel?is_from_webapp=1&sender_device=pc\"]}]}<\/script>\n<!-- \/ Yoast SEO plugin. -->","yoast_head_json":{"title":"Detailing Nivelles, polissage carrosserie et c\u00e9ramique | Centre d'esth\u00e9tique automobile \u00e0 Nivelles, proche Bruxelles","description":"D\u00e9couvrez Miss Detailing \u00e0 Nivelles, votre sp\u00e9cialiste en detailing int\u00e9rieur et ext\u00e9rieur, polissage de carrosserie, et protection en c\u00e9ramique.","robots":{"index":"noindex","follow":"follow","max-snippet":"max-snippet:-1","max-image-preview":"max-image-preview:large","max-video-preview":"max-video-preview:-1"},"og_locale":"nl_BE","og_type":"article","og_title":"Detailing Nivelles, polissage carrosserie et c\u00e9ramique | Centre d'esth\u00e9tique automobile \u00e0 Nivelles, proche Bruxelles","og_description":"D\u00e9couvrez Miss Detailing \u00e0 Nivelles, votre sp\u00e9cialiste en detailing int\u00e9rieur et ext\u00e9rieur, polissage de carrosserie, et protection en c\u00e9ramique.","og_url":"https:\/\/www.missdetailing.com\/nl\/","og_site_name":"Miss Detailing","article_publisher":"https:\/\/www.facebook.com\/profile.php?id=100086721294397","article_modified_time":"2024-05-23T09:38:01+00:00","og_image":[{"width":2560,"height":1324,"url":"https:\/\/www.missdetailing.com\/wp-content\/uploads\/2023\/02\/AdobeStock_123522471-scaled-e1675774892327.jpg","type":"image\/jpeg"}],"twitter_card":"summary_large_image","twitter_misc":{"Est. reading time":"1 minute"},"schema":{"@context":"https:\/\/schema.org","@graph":[{"@type":"WebPage","@id":"https:\/\/www.missdetailing.com\/","url":"https:\/\/www.missdetailing.com\/","name":"Detailing Nivelles, polissage carrosserie et c\u00e9ramique | Centre d'esth\u00e9tique automobile \u00e0 Nivelles, proche Bruxelles","isPartOf":{"@id":"https:\/\/www.missdetailing.com\/#website"},"primaryImageOfPage":{"@id":"https:\/\/www.missdetailing.com\/#primaryimage"},"image":{"@id":"https:\/\/www.missdetailing.com\/#primaryimage"},"thumbnailUrl":"https:\/\/www.missdetailing.com\/wp-content\/uploads\/2023\/02\/AdobeStock_123522471-scaled-e1675774892327.jpg","datePublished":"2023-01-02T11:17:22+00:00","dateModified":"2024-05-23T09:38:01+00:00","description":"D\u00e9couvrez Miss Detailing \u00e0 Nivelles, votre sp\u00e9cialiste en detailing int\u00e9rieur et ext\u00e9rieur, polissage de carrosserie, et protection en c\u00e9ramique.","breadcrumb":{"@id":"https:\/\/www.missdetailing.com\/#breadcrumb"},"inLanguage":"nl-BE","potentialAction":[{"@type":"ReadAction","target":["https:\/\/www.missdetailing.com\/"]}]},{"@type":"ImageObject","inLanguage":"nl-BE","@id":"https:\/\/www.missdetailing.com\/#primaryimage","url":"https:\/\/www.missdetailing.com\/wp-content\/uploads\/2023\/02\/AdobeStock_123522471-scaled-e1675774892327.jpg","contentUrl":"https:\/\/www.missdetailing.com\/wp-content\/uploads\/2023\/02\/AdobeStock_123522471-scaled-e1675774892327.jpg","width":2560,"height":1324,"caption":"Detailing automobile \u00e0 Bruxelles Nivelles"},{"@type":"BreadcrumbList","@id":"https:\/\/www.missdetailing.com\/#breadcrumb","itemListElement":[{"@type":"ListItem","position":1,"name":"Home","item":"https:\/\/www.missdetailing.com\/"},{"@type":"ListItem","position":2,"name":"Home"}]},{"@type":"WebSite","@id":"https:\/\/www.missdetailing.com\/#website","url":"https:\/\/www.missdetailing.com\/","name":"Miss Detailing","description":"Detailing Auto, polissage, c\u00e9ramique et PPF","publisher":{"@id":"https:\/\/www.missdetailing.com\/#organization"},"potentialAction":[{"@type":"SearchAction","target":{"@type":"EntryPoint","urlTemplate":"https:\/\/www.missdetailing.com\/?s={search_term_string}"},"query-input":{"@type":"PropertyValueSpecification","valueRequired":true,"valueName":"search_term_string"}}],"inLanguage":"nl-BE"},{"@type":"Organization","@id":"https:\/\/www.missdetailing.com\/#organization","name":"Miss Detailing","url":"https:\/\/www.missdetailing.com\/","logo":{"@type":"ImageObject","inLanguage":"nl-BE","@id":"https:\/\/www.missdetailing.com\/#\/schema\/logo\/image\/","url":"https:\/\/missdetailing2.plesk.graphylabs.com\/wp-content\/uploads\/2023\/01\/Group-431@2x.png","contentUrl":"https:\/\/missdetailing2.plesk.graphylabs.com\/wp-content\/uploads\/2023\/01\/Group-431@2x.png","width":746,"height":552,"caption":"Miss Detailing"},"image":{"@id":"https:\/\/www.missdetailing.com\/#\/schema\/logo\/image\/"},"sameAs":["https:\/\/www.facebook.com\/profile.php?id=100086721294397","https:\/\/www.instagram.com\/missdetailingofficiel\/","https:\/\/www.linkedin.com\/in\/anissa-daoud-456799264","https:\/\/www.tiktok.com\/@missdetailingofficiel?is_from_webapp=1&sender_device=pc"]}]}},"_links":{"self":[{"href":"https:\/\/www.missdetailing.com\/nl\/wp-json\/wp\/v2\/pages\/5","targetHints":{"allow":["GET"]}}],"collection":[{"href":"https:\/\/www.missdetailing.com\/nl\/wp-json\/wp\/v2\/pages"}],"about":[{"href":"https:\/\/www.missdetailing.com\/nl\/wp-json\/wp\/v2\/types\/page"}],"author":[{"embeddable":true,"href":"https:\/\/www.missdetailing.com\/nl\/wp-json\/wp\/v2\/users\/7"}],"replies":[{"embeddable":true,"href":"https:\/\/www.missdetailing.com\/nl\/wp-json\/wp\/v2\/comments?post=5"}],"version-history":[{"count":13,"href":"https:\/\/www.missdetailing.com\/nl\/wp-json\/wp\/v2\/pages\/5\/revisions"}],"predecessor-version":[{"id":1061,"href":"https:\/\/www.missdetailing.com\/nl\/wp-json\/wp\/v2\/pages\/5\/revisions\/1061"}],"wp:featuredmedia":[{"embeddable":true,"href":"https:\/\/www.missdetailing.com\/nl\/wp-json\/wp\/v2\/media\/676"}],"wp:attachment":[{"href":"https:\/\/www.missdetailing.com\/nl\/wp-json\/wp\/v2\/media?parent=5"}],"curies":[{"name":"wp","href":"https:\/\/api.w.org\/{rel}","templated":true}]}}