{"id":96,"date":"2023-01-02T12:20:10","date_gmt":"2023-01-02T12:20:10","guid":{"rendered":"https:\/\/md.24pm.agency\/?page_id=96"},"modified":"2024-04-08T15:38:35","modified_gmt":"2024-04-08T15:38:35","slug":"cgv","status":"publish","type":"page","link":"https:\/\/www.missdetailing.com\/en\/cgv\/","title":{"rendered":"GTC"},"content":{"rendered":"<p>GENERAL TERMS AND CONDITIONS OF SALE<\/p>\n<p>ARTICLE 1: SCOPE OF APPLICATION<br \/>\nThe present general conditions of sale apply to all services offered by Miss Detailing, as well as to the sale of all products by Miss Detailing, on its website.<\/p>\n<p>ARTICLE 2: ORDERING AND CONTRACTING<br \/>\nThe placing of an order by the customer implies full and unreserved acceptance of the present general terms and conditions of sale, as well as the prices proposed by Miss Detailing on its website. The order will be considered as accepted by Miss Detailing, after written confirmation by Miss Detailing.<\/p>\n<p>ARTICLE 3: TARIFFS<br \/>\nThe prices of the services and products are indicated on the website of Miss Detailing and are subject to change without notice. The prices indicated are in euros and include all taxes.<\/p>\n<p>ARTICLE 4: PAYMENT<br \/>\nPayment is made online, by credit card, or in cash, at the Miss Detailing workshop. All online payments are secured by SSL protocol. The ordered products remain the property of Miss Detailing until they are paid in full.<\/p>\n<p>ARTICLE 5: DELIVERY AND ACCEPTANCE<br \/>\nThe services and products shall be delivered in accordance with the terms and conditions and deadlines agreed with the customer. The customer must check the conformity of the service or product delivered with the order, upon receipt. Any complaint must be made in writing within 48 hours of receipt.<\/p>\n<p>ARTICLE 6: LIABILITY AND GUARANTEE<br \/>\nMiss Detailing undertakes to perform the services and supply the products in accordance with the standards and regulations in force. In case of a defect, Miss Detailing commits itself to offer a new service or a replacement product. Miss Detailing cannot be held responsible in case of force majeure or fault attributable to the client.<\/p>\n<p>ARTICLE 7: PROTECTION OF PERSONAL DATA<br \/>\nIn accordance with the legislation in force, the customer has the right to access, rectify, oppose and delete his personal data. Miss Detailing undertakes not to communicate the personal data of its customers to third parties, except with their express agreement.<\/p>\n<p>ARTICLE 8: APPLICABLE LAW AND COMPETENT JURISDICTION<br \/>\nThe present general terms and conditions of sale are subject to Belgian law. Any dispute relating to the application or interpretation of these conditions shall be brought before the competent Belgian courts.<\/p>\n<p>By ticking the order validation box, the customer acknowledges having read and accepted these general terms and conditions of sale.<\/p>","protected":false},"excerpt":{"rendered":"<p>GENERAL CONDITIONS OF SALE ARTICLE 1: SCOPE These general conditions of sale apply to all services offered by Miss Detailing, as well as to the sale of all products by Miss Detailing, on its website. ARTICLE 2: ORDER AND CONCLUSION OF THE CONTRACT The placing of an order by the customer [...]<\/p>","protected":false},"author":7,"featured_media":0,"parent":0,"menu_order":0,"comment_status":"closed","ping_status":"closed","template":"","meta":{"_acf_changed":false,"footnotes":""},"class_list":["post-96","page","type-page","status-publish","hentry"],"acf":[],"yoast_head":"<!-- This site is optimized with the Yoast SEO plugin v26.3 - https:\/\/yoast.com\/wordpress\/plugins\/seo\/ -->\n<title>CGV<\/title>\n<meta name=\"robots\" content=\"noindex, follow\" \/>\n<meta property=\"og:locale\" content=\"en_GB\" \/>\n<meta property=\"og:type\" content=\"article\" \/>\n<meta property=\"og:title\" content=\"CGV\" \/>\n<meta property=\"og:description\" content=\"CONDITIONS G\u00c9N\u00c9RALES DE VENTE ARTICLE 1 : CHAMP D\u2019APPLICATION Les pr\u00e9sentes conditions g\u00e9n\u00e9rales de vente s\u2019appliquent \u00e0 toutes les prestations de services propos\u00e9es par Miss Detailing, ainsi qu\u2019\u00e0 la vente de tous produits par Miss Detailing, sur son site internet. ARTICLE 2 : COMMANDE ET CONCLUSION DU CONTRAT La passation de commande par le client [&hellip;]\" \/>\n<meta property=\"og:url\" content=\"https:\/\/www.missdetailing.com\/en\/cgv\/\" \/>\n<meta property=\"og:site_name\" content=\"Miss Detailing\" \/>\n<meta property=\"article:publisher\" content=\"https:\/\/www.facebook.com\/profile.php?id=100086721294397\" \/>\n<meta property=\"article:modified_time\" content=\"2024-04-08T15:38:35+00:00\" \/>\n<meta property=\"og:image\" content=\"https:\/\/www.missdetailing.com\/wp-content\/uploads\/2023\/03\/Banner-Carwash-Miss-Detailing.jpg\" \/>\n\t<meta property=\"og:image:width\" content=\"1440\" \/>\n\t<meta property=\"og:image:height\" content=\"990\" \/>\n\t<meta property=\"og:image:type\" content=\"image\/jpeg\" \/>\n<meta name=\"twitter:card\" content=\"summary_large_image\" \/>\n<meta name=\"twitter:label1\" content=\"Est. reading time\" \/>\n\t<meta name=\"twitter:data1\" content=\"3 minutes\" \/>\n<script type=\"application\/ld+json\" class=\"yoast-schema-graph\">{\"@context\":\"https:\/\/schema.org\",\"@graph\":[{\"@type\":\"WebPage\",\"@id\":\"https:\/\/www.missdetailing.com\/cgv\/\",\"url\":\"https:\/\/www.missdetailing.com\/cgv\/\",\"name\":\"CGV\",\"isPartOf\":{\"@id\":\"https:\/\/www.missdetailing.com\/#website\"},\"datePublished\":\"2023-01-02T12:20:10+00:00\",\"dateModified\":\"2024-04-08T15:38:35+00:00\",\"breadcrumb\":{\"@id\":\"https:\/\/www.missdetailing.com\/cgv\/#breadcrumb\"},\"inLanguage\":\"en-GB\",\"potentialAction\":[{\"@type\":\"ReadAction\",\"target\":[\"https:\/\/www.missdetailing.com\/cgv\/\"]}]},{\"@type\":\"BreadcrumbList\",\"@id\":\"https:\/\/www.missdetailing.com\/cgv\/#breadcrumb\",\"itemListElement\":[{\"@type\":\"ListItem\",\"position\":1,\"name\":\"Home\",\"item\":\"https:\/\/www.missdetailing.com\/\"},{\"@type\":\"ListItem\",\"position\":2,\"name\":\"CGV\"}]},{\"@type\":\"WebSite\",\"@id\":\"https:\/\/www.missdetailing.com\/#website\",\"url\":\"https:\/\/www.missdetailing.com\/\",\"name\":\"Miss Detailing\",\"description\":\"Detailing Auto, polissage, c\u00e9ramique et PPF\",\"publisher\":{\"@id\":\"https:\/\/www.missdetailing.com\/#organization\"},\"potentialAction\":[{\"@type\":\"SearchAction\",\"target\":{\"@type\":\"EntryPoint\",\"urlTemplate\":\"https:\/\/www.missdetailing.com\/?s={search_term_string}\"},\"query-input\":{\"@type\":\"PropertyValueSpecification\",\"valueRequired\":true,\"valueName\":\"search_term_string\"}}],\"inLanguage\":\"en-GB\"},{\"@type\":\"Organization\",\"@id\":\"https:\/\/www.missdetailing.com\/#organization\",\"name\":\"Miss Detailing\",\"url\":\"https:\/\/www.missdetailing.com\/\",\"logo\":{\"@type\":\"ImageObject\",\"inLanguage\":\"en-GB\",\"@id\":\"https:\/\/www.missdetailing.com\/#\/schema\/logo\/image\/\",\"url\":\"https:\/\/missdetailing2.plesk.graphylabs.com\/wp-content\/uploads\/2023\/01\/Group-431@2x.png\",\"contentUrl\":\"https:\/\/missdetailing2.plesk.graphylabs.com\/wp-content\/uploads\/2023\/01\/Group-431@2x.png\",\"width\":746,\"height\":552,\"caption\":\"Miss Detailing\"},\"image\":{\"@id\":\"https:\/\/www.missdetailing.com\/#\/schema\/logo\/image\/\"},\"sameAs\":[\"https:\/\/www.facebook.com\/profile.php?id=100086721294397\",\"https:\/\/www.instagram.com\/missdetailingofficiel\/\",\"https:\/\/www.linkedin.com\/in\/anissa-daoud-456799264\",\"https:\/\/www.tiktok.com\/@missdetailingofficiel?is_from_webapp=1&sender_device=pc\"]}]}<\/script>\n<!-- \/ Yoast SEO plugin. -->","yoast_head_json":{"title":"GTC","robots":{"index":"noindex","follow":"follow"},"og_locale":"en_GB","og_type":"article","og_title":"CGV","og_description":"CONDITIONS G\u00c9N\u00c9RALES DE VENTE ARTICLE 1 : CHAMP D\u2019APPLICATION Les pr\u00e9sentes conditions g\u00e9n\u00e9rales de vente s\u2019appliquent \u00e0 toutes les prestations de services propos\u00e9es par Miss Detailing, ainsi qu\u2019\u00e0 la vente de tous produits par Miss Detailing, sur son site internet. ARTICLE 2 : COMMANDE ET CONCLUSION DU CONTRAT La passation de commande par le client [&hellip;]","og_url":"https:\/\/www.missdetailing.com\/en\/cgv\/","og_site_name":"Miss Detailing","article_publisher":"https:\/\/www.facebook.com\/profile.php?id=100086721294397","article_modified_time":"2024-04-08T15:38:35+00:00","og_image":[{"width":1440,"height":990,"url":"https:\/\/www.missdetailing.com\/wp-content\/uploads\/2023\/03\/Banner-Carwash-Miss-Detailing.jpg","type":"image\/jpeg"}],"twitter_card":"summary_large_image","twitter_misc":{"Est. reading time":"3 minutes"},"schema":{"@context":"https:\/\/schema.org","@graph":[{"@type":"WebPage","@id":"https:\/\/www.missdetailing.com\/cgv\/","url":"https:\/\/www.missdetailing.com\/cgv\/","name":"GTC","isPartOf":{"@id":"https:\/\/www.missdetailing.com\/#website"},"datePublished":"2023-01-02T12:20:10+00:00","dateModified":"2024-04-08T15:38:35+00:00","breadcrumb":{"@id":"https:\/\/www.missdetailing.com\/cgv\/#breadcrumb"},"inLanguage":"en-GB","potentialAction":[{"@type":"ReadAction","target":["https:\/\/www.missdetailing.com\/cgv\/"]}]},{"@type":"BreadcrumbList","@id":"https:\/\/www.missdetailing.com\/cgv\/#breadcrumb","itemListElement":[{"@type":"ListItem","position":1,"name":"Home","item":"https:\/\/www.missdetailing.com\/"},{"@type":"ListItem","position":2,"name":"CGV"}]},{"@type":"WebSite","@id":"https:\/\/www.missdetailing.com\/#website","url":"https:\/\/www.missdetailing.com\/","name":"Miss Detailing","description":"Detailing Auto, polissage, c\u00e9ramique et PPF","publisher":{"@id":"https:\/\/www.missdetailing.com\/#organization"},"potentialAction":[{"@type":"SearchAction","target":{"@type":"EntryPoint","urlTemplate":"https:\/\/www.missdetailing.com\/?s={search_term_string}"},"query-input":{"@type":"PropertyValueSpecification","valueRequired":true,"valueName":"search_term_string"}}],"inLanguage":"en-GB"},{"@type":"Organization","@id":"https:\/\/www.missdetailing.com\/#organization","name":"Miss Detailing","url":"https:\/\/www.missdetailing.com\/","logo":{"@type":"ImageObject","inLanguage":"en-GB","@id":"https:\/\/www.missdetailing.com\/#\/schema\/logo\/image\/","url":"https:\/\/missdetailing2.plesk.graphylabs.com\/wp-content\/uploads\/2023\/01\/Group-431@2x.png","contentUrl":"https:\/\/missdetailing2.plesk.graphylabs.com\/wp-content\/uploads\/2023\/01\/Group-431@2x.png","width":746,"height":552,"caption":"Miss Detailing"},"image":{"@id":"https:\/\/www.missdetailing.com\/#\/schema\/logo\/image\/"},"sameAs":["https:\/\/www.facebook.com\/profile.php?id=100086721294397","https:\/\/www.instagram.com\/missdetailingofficiel\/","https:\/\/www.linkedin.com\/in\/anissa-daoud-456799264","https:\/\/www.tiktok.com\/@missdetailingofficiel?is_from_webapp=1&sender_device=pc"]}]}},"_links":{"self":[{"href":"https:\/\/www.missdetailing.com\/en\/wp-json\/wp\/v2\/pages\/96","targetHints":{"allow":["GET"]}}],"collection":[{"href":"https:\/\/www.missdetailing.com\/en\/wp-json\/wp\/v2\/pages"}],"about":[{"href":"https:\/\/www.missdetailing.com\/en\/wp-json\/wp\/v2\/types\/page"}],"author":[{"embeddable":true,"href":"https:\/\/www.missdetailing.com\/en\/wp-json\/wp\/v2\/users\/7"}],"replies":[{"embeddable":true,"href":"https:\/\/www.missdetailing.com\/en\/wp-json\/wp\/v2\/comments?post=96"}],"version-history":[{"count":0,"href":"https:\/\/www.missdetailing.com\/en\/wp-json\/wp\/v2\/pages\/96\/revisions"}],"wp:attachment":[{"href":"https:\/\/www.missdetailing.com\/en\/wp-json\/wp\/v2\/media?parent=96"}],"curies":[{"name":"wp","href":"https:\/\/api.w.org\/{rel}","templated":true}]}}